{"id":5133,"date":"2025-09-13T01:45:03","date_gmt":"2025-09-13T09:45:03","guid":{"rendered":"https:\/\/bavin.net.cn\/?post_type=product&#038;p=5133"},"modified":"2025-09-13T01:57:23","modified_gmt":"2025-09-13T09:57:23","slug":"pc883","status":"publish","type":"product","link":"https:\/\/bavin.net.cn\/tr\/urun\/pc883\/","title":{"rendered":"PC883"},"content":{"rendered":"<p><strong>\u00b7<\/strong> 18W H\u0131zl\u0131 \u015farj<\/p>\n<p><strong>\u00b7<\/strong> QC3.0\/2.0 h\u0131zl\u0131 \u015farj teknolojisini destekler<\/p>\n<p><strong>\u00b7<\/strong> \u00c7e\u015fitli ekipmanlar\u0131n h\u0131zl\u0131 \u015farj\u0131yla tan\u0131\u015f\u0131n<\/p>\n<p><strong>\u00b7<\/strong> 70%&#039;yi 40 dakikada \u015farj edin.<\/p>","protected":false},"excerpt":{"rendered":"<p>DUVAR \u015eARJI<\/p>","protected":false},"featured_media":5135,"template":"","meta":{"_acf_changed":false,"_seopress_robots_primary_cat":"none","_seopress_titles_title":"PC883 - BAVIN","_seopress_titles_desc":"18W Fast charging, Support QC3.0\/2.0 fast charging technology, Meet the fast charging of a varietyof equipment, Charge 70% in 40 minutes.","_seopress_robots_index":""},"product_cat":[26,27],"product_tag":[],"class_list":{"0":"post-5133","1":"product","2":"type-product","3":"status-publish","4":"has-post-thumbnail","6":"product_cat-charger","7":"product_cat-wall-charger","8":"pa_color-white","10":"first","11":"instock","12":"shipping-taxable","13":"purchasable","14":"product-type-variable"},"acf":[],"_links":{"self":[{"href":"https:\/\/bavin.net.cn\/tr\/wp-json\/wp\/v2\/product\/5133","targetHints":{"allow":["GET"]}}],"collection":[{"href":"https:\/\/bavin.net.cn\/tr\/wp-json\/wp\/v2\/product"}],"about":[{"href":"https:\/\/bavin.net.cn\/tr\/wp-json\/wp\/v2\/types\/product"}],"wp:featuredmedia":[{"embeddable":true,"href":"https:\/\/bavin.net.cn\/tr\/wp-json\/wp\/v2\/media\/5135"}],"wp:attachment":[{"href":"https:\/\/bavin.net.cn\/tr\/wp-json\/wp\/v2\/media?parent=5133"}],"wp:term":[{"taxonomy":"product_cat","embeddable":true,"href":"https:\/\/bavin.net.cn\/tr\/wp-json\/wp\/v2\/product_cat?post=5133"},{"taxonomy":"product_tag","embeddable":true,"href":"https:\/\/bavin.net.cn\/tr\/wp-json\/wp\/v2\/product_tag?post=5133"}],"curies":[{"name":"wp","href":"https:\/\/api.w.org\/{rel}","templated":true}]}}