{"id":5310,"date":"2025-09-19T01:05:20","date_gmt":"2025-09-19T09:05:20","guid":{"rendered":"https:\/\/bavin.net.cn\/?post_type=product&#038;p=5310"},"modified":"2025-09-19T01:16:33","modified_gmt":"2025-09-19T09:16:33","slug":"pc833","status":"publish","type":"product","link":"https:\/\/bavin.net.cn\/tr\/urun\/pc833\/","title":{"rendered":"PC833"},"content":{"rendered":"<p><strong>\u00b7 <\/strong>PD 20W H\u0131zl\u0131 \u015farj<\/p>\n<p><strong>\u00b7<\/strong> ayn\u0131 anda 4 cihaz\u0131 \u015farj etme deste\u011fi<\/p>\n<p><strong>\u00b7<\/strong> 4 \u00e7\u0131k\u0131\u015f portu<\/p>\n<p><strong>\u00b7<\/strong> ayn\u0131 anda \u015farj etme ve izleme<\/p>","protected":false},"excerpt":{"rendered":"<p>DUVAR \u015eARJI<\/p>","protected":false},"featured_media":5317,"template":"","meta":{"_acf_changed":false,"_seopress_robots_primary_cat":"none","_seopress_titles_title":"PC833 - BAVIN","_seopress_titles_desc":"PD 20W Fast charging, support 4 devicescharging at the same time, 4 output ports, charging and watching simultaneous","_seopress_robots_index":""},"product_cat":[26],"product_tag":[],"class_list":{"0":"post-5310","1":"product","2":"type-product","3":"status-publish","4":"has-post-thumbnail","6":"product_cat-charger","8":"first","9":"instock","10":"shipping-taxable","11":"purchasable","12":"product-type-variable"},"acf":[],"_links":{"self":[{"href":"https:\/\/bavin.net.cn\/tr\/wp-json\/wp\/v2\/product\/5310","targetHints":{"allow":["GET"]}}],"collection":[{"href":"https:\/\/bavin.net.cn\/tr\/wp-json\/wp\/v2\/product"}],"about":[{"href":"https:\/\/bavin.net.cn\/tr\/wp-json\/wp\/v2\/types\/product"}],"wp:featuredmedia":[{"embeddable":true,"href":"https:\/\/bavin.net.cn\/tr\/wp-json\/wp\/v2\/media\/5317"}],"wp:attachment":[{"href":"https:\/\/bavin.net.cn\/tr\/wp-json\/wp\/v2\/media?parent=5310"}],"wp:term":[{"taxonomy":"product_cat","embeddable":true,"href":"https:\/\/bavin.net.cn\/tr\/wp-json\/wp\/v2\/product_cat?post=5310"},{"taxonomy":"product_tag","embeddable":true,"href":"https:\/\/bavin.net.cn\/tr\/wp-json\/wp\/v2\/product_tag?post=5310"}],"curies":[{"name":"wp","href":"https:\/\/api.w.org\/{rel}","templated":true}]}}