{"id":5360,"date":"2025-10-16T01:05:19","date_gmt":"2025-10-16T09:05:19","guid":{"rendered":"https:\/\/bavin.net.cn\/?post_type=product&#038;p=5360"},"modified":"2025-10-16T01:22:29","modified_gmt":"2025-10-16T09:22:29","slug":"bavin102","status":"publish","type":"product","link":"https:\/\/bavin.net.cn\/tr\/urun\/bavin102\/","title":{"rendered":"BAVIN102"},"content":{"rendered":"<p><strong>\u00b7<\/strong> BT 5.3 i\u00e7in<\/p>\n<p><strong>\u00b7<\/strong> Hi-Fi Ses<\/p>\n<p><strong>\u00b7<\/strong> Parlayan Hat\u0131rlatma I\u015f\u0131\u011f\u0131<\/p>\n<p><strong>\u00b7<\/strong> Yumu\u015fak Klips Uyumu<\/p>","protected":false},"excerpt":{"rendered":"<p>A\u00c7IK KULAKLIK KL\u0130PSL\u0130 KULAKLIKLAR<\/p>","protected":false},"featured_media":5370,"template":"","meta":{"_acf_changed":false,"_seopress_robots_primary_cat":"none","_seopress_titles_title":"BAVIN102 - BAVIN","_seopress_titles_desc":"for BT 5.3, Hi-Fi Sound, Glow Reminder Light, Soft Clip Fit","_seopress_robots_index":""},"product_cat":[48,50],"product_tag":[],"class_list":{"0":"post-5360","1":"product","2":"type-product","3":"status-publish","4":"has-post-thumbnail","6":"product_cat-earphone","7":"product_cat-wireless","8":"pa_color-black","9":"pa_color-white","11":"first","12":"instock","13":"shipping-taxable","14":"purchasable","15":"product-type-variable"},"acf":[],"_links":{"self":[{"href":"https:\/\/bavin.net.cn\/tr\/wp-json\/wp\/v2\/product\/5360","targetHints":{"allow":["GET"]}}],"collection":[{"href":"https:\/\/bavin.net.cn\/tr\/wp-json\/wp\/v2\/product"}],"about":[{"href":"https:\/\/bavin.net.cn\/tr\/wp-json\/wp\/v2\/types\/product"}],"wp:featuredmedia":[{"embeddable":true,"href":"https:\/\/bavin.net.cn\/tr\/wp-json\/wp\/v2\/media\/5370"}],"wp:attachment":[{"href":"https:\/\/bavin.net.cn\/tr\/wp-json\/wp\/v2\/media?parent=5360"}],"wp:term":[{"taxonomy":"product_cat","embeddable":true,"href":"https:\/\/bavin.net.cn\/tr\/wp-json\/wp\/v2\/product_cat?post=5360"},{"taxonomy":"product_tag","embeddable":true,"href":"https:\/\/bavin.net.cn\/tr\/wp-json\/wp\/v2\/product_tag?post=5360"}],"curies":[{"name":"wp","href":"https:\/\/api.w.org\/{rel}","templated":true}]}}