{"id":5398,"date":"2025-10-16T01:48:43","date_gmt":"2025-10-16T09:48:43","guid":{"rendered":"https:\/\/bavin.net.cn\/?post_type=product&#038;p=5398"},"modified":"2025-10-16T19:15:34","modified_gmt":"2025-10-17T03:15:34","slug":"pc993","status":"publish","type":"product","link":"https:\/\/bavin.net.cn\/tr\/urun\/pc993\/","title":{"rendered":"PC993"},"content":{"rendered":"<p><strong>\u00b7<\/strong> 35W H\u0131zl\u0131 \u015farj<\/p>\n<p><strong>\u00b7<\/strong> Diz\u00fcst\u00fc bilgisayarlar, tabletler, telefonlar ve daha fazlas\u0131 i\u00e7in h\u0131zl\u0131 \u015farj;<\/p>\n<p><strong>\u00b7<\/strong> Ba\u011flant\u0131 noktas\u0131 ba\u015f\u0131na maksimum 35 W&#039;l\u0131k \u00e7ift Type-C ba\u011flant\u0131 noktas\u0131<\/p>\n<p><strong>\u00b7<\/strong> Ayn\u0131 anda iki cihaz\u0131 \u015farj eder<\/p>","protected":false},"excerpt":{"rendered":"<p>DUVAR \u015eARJI<\/p>","protected":false},"featured_media":5436,"template":"","meta":{"_acf_changed":false,"_seopress_robots_primary_cat":"none","_seopress_titles_title":"PC993 - BAVIN","_seopress_titles_desc":"35W Fast charging, Fast charge for laptops,tabletsphones,and more;, Dual Type-C ports with 35W max per port, Charges two devices at once","_seopress_robots_index":""},"product_cat":[26,27],"product_tag":[],"class_list":{"0":"post-5398","1":"product","2":"type-product","3":"status-publish","4":"has-post-thumbnail","6":"product_cat-charger","7":"product_cat-wall-charger","8":"pa_color-black","10":"first","11":"instock","12":"shipping-taxable","13":"purchasable","14":"product-type-variable"},"acf":[],"_links":{"self":[{"href":"https:\/\/bavin.net.cn\/tr\/wp-json\/wp\/v2\/product\/5398","targetHints":{"allow":["GET"]}}],"collection":[{"href":"https:\/\/bavin.net.cn\/tr\/wp-json\/wp\/v2\/product"}],"about":[{"href":"https:\/\/bavin.net.cn\/tr\/wp-json\/wp\/v2\/types\/product"}],"wp:featuredmedia":[{"embeddable":true,"href":"https:\/\/bavin.net.cn\/tr\/wp-json\/wp\/v2\/media\/5436"}],"wp:attachment":[{"href":"https:\/\/bavin.net.cn\/tr\/wp-json\/wp\/v2\/media?parent=5398"}],"wp:term":[{"taxonomy":"product_cat","embeddable":true,"href":"https:\/\/bavin.net.cn\/tr\/wp-json\/wp\/v2\/product_cat?post=5398"},{"taxonomy":"product_tag","embeddable":true,"href":"https:\/\/bavin.net.cn\/tr\/wp-json\/wp\/v2\/product_tag?post=5398"}],"curies":[{"name":"wp","href":"https:\/\/api.w.org\/{rel}","templated":true}]}}