{"id":5423,"date":"2025-10-16T02:17:20","date_gmt":"2025-10-16T10:17:20","guid":{"rendered":"https:\/\/bavin.net.cn\/?post_type=product&#038;p=5423"},"modified":"2025-10-16T02:29:47","modified_gmt":"2025-10-16T10:29:47","slug":"pc2082","status":"publish","type":"product","link":"https:\/\/bavin.net.cn\/tr\/urun\/pc2082\/","title":{"rendered":"PC2082"},"content":{"rendered":"<p><strong>\u00b7<\/strong> 70W PD<\/p>\n<p><strong>\u00b7<\/strong> Yeni Y\u00fckseltilmi\u015f Evrensel Soket<\/p>\n<p><strong>\u00b7<\/strong> 7 Cihaz\u0131n E\u015f Zamanl\u0131 \u015earj\u0131<\/p>\n<p><strong>\u00b7<\/strong> 100~250V,10A Maks. 2500W Y\u00fcksek G\u00fc\u00e7<\/p>","protected":false},"excerpt":{"rendered":"<p>DUVAR \u015eARJI<\/p>","protected":false},"featured_media":4615,"template":"","meta":{"_acf_changed":false,"_seopress_robots_primary_cat":"none","_seopress_titles_title":"PC2082 - BAVIN","_seopress_titles_desc":"70W PD, New Upgraded Universal Socket, Simultaneous Charging of 7 Devices, 100~250V,10A Max 2500W High Power","_seopress_robots_index":""},"product_cat":[26,27,29],"product_tag":[],"class_list":{"0":"post-5423","1":"product","2":"type-product","3":"status-publish","4":"has-post-thumbnail","6":"product_cat-charger","7":"product_cat-wall-charger","8":"product_cat-socket","9":"pa_color-black","11":"first","12":"instock","13":"shipping-taxable","14":"purchasable","15":"product-type-variable"},"acf":[],"_links":{"self":[{"href":"https:\/\/bavin.net.cn\/tr\/wp-json\/wp\/v2\/product\/5423","targetHints":{"allow":["GET"]}}],"collection":[{"href":"https:\/\/bavin.net.cn\/tr\/wp-json\/wp\/v2\/product"}],"about":[{"href":"https:\/\/bavin.net.cn\/tr\/wp-json\/wp\/v2\/types\/product"}],"wp:featuredmedia":[{"embeddable":true,"href":"https:\/\/bavin.net.cn\/tr\/wp-json\/wp\/v2\/media\/4615"}],"wp:attachment":[{"href":"https:\/\/bavin.net.cn\/tr\/wp-json\/wp\/v2\/media?parent=5423"}],"wp:term":[{"taxonomy":"product_cat","embeddable":true,"href":"https:\/\/bavin.net.cn\/tr\/wp-json\/wp\/v2\/product_cat?post=5423"},{"taxonomy":"product_tag","embeddable":true,"href":"https:\/\/bavin.net.cn\/tr\/wp-json\/wp\/v2\/product_tag?post=5423"}],"curies":[{"name":"wp","href":"https:\/\/api.w.org\/{rel}","templated":true}]}}