{"id":5466,"date":"2025-10-16T19:33:36","date_gmt":"2025-10-17T03:33:36","guid":{"rendered":"https:\/\/bavin.net.cn\/?post_type=product&#038;p=5466"},"modified":"2025-10-16T19:39:09","modified_gmt":"2025-10-17T03:39:09","slug":"pc990","status":"publish","type":"product","link":"https:\/\/bavin.net.cn\/tr\/urun\/pc990\/","title":{"rendered":"PC990"},"content":{"rendered":"<p><strong>\u00b7<\/strong> 20W H\u0131zl\u0131 \u015farj<\/p>\n<p><strong>\u00b7<\/strong> G\u00fcvenli ve G\u00fcvenilir<\/p>\n<p><strong>\u00b7<\/strong> \u00c7ok protokoll\u00fc h\u0131zl\u0131 \u015farj<\/p>\n<p><strong>\u00b7<\/strong> 100V-240V k\u00fcresel olarak \u00e7ok y\u00f6nl\u00fc<\/p>","protected":false},"excerpt":{"rendered":"<p>DUVAR \u015eARJI<\/p>","protected":false},"featured_media":5477,"template":"","meta":{"_acf_changed":false,"_seopress_robots_primary_cat":"none","_seopress_titles_title":"PC990 - BAVIN","_seopress_titles_desc":"20W Fast charging, Safe & Reliable, Multi-protocol fast charging, 100V-240V clobally versatile","_seopress_robots_index":""},"product_cat":[26,27],"product_tag":[],"class_list":{"0":"post-5466","1":"product","2":"type-product","3":"status-publish","4":"has-post-thumbnail","6":"product_cat-charger","7":"product_cat-wall-charger","8":"pa_color-black","10":"first","11":"instock","12":"shipping-taxable","13":"purchasable","14":"product-type-variable"},"acf":[],"_links":{"self":[{"href":"https:\/\/bavin.net.cn\/tr\/wp-json\/wp\/v2\/product\/5466","targetHints":{"allow":["GET"]}}],"collection":[{"href":"https:\/\/bavin.net.cn\/tr\/wp-json\/wp\/v2\/product"}],"about":[{"href":"https:\/\/bavin.net.cn\/tr\/wp-json\/wp\/v2\/types\/product"}],"wp:featuredmedia":[{"embeddable":true,"href":"https:\/\/bavin.net.cn\/tr\/wp-json\/wp\/v2\/media\/5477"}],"wp:attachment":[{"href":"https:\/\/bavin.net.cn\/tr\/wp-json\/wp\/v2\/media?parent=5466"}],"wp:term":[{"taxonomy":"product_cat","embeddable":true,"href":"https:\/\/bavin.net.cn\/tr\/wp-json\/wp\/v2\/product_cat?post=5466"},{"taxonomy":"product_tag","embeddable":true,"href":"https:\/\/bavin.net.cn\/tr\/wp-json\/wp\/v2\/product_tag?post=5466"}],"curies":[{"name":"wp","href":"https:\/\/api.w.org\/{rel}","templated":true}]}}