{"id":5667,"date":"2025-12-04T00:43:25","date_gmt":"2025-12-04T08:43:25","guid":{"rendered":"https:\/\/bavin.net.cn\/?post_type=product&#038;p=5667"},"modified":"2025-12-04T01:00:37","modified_gmt":"2025-12-04T09:00:37","slug":"pc1202","status":"publish","type":"product","link":"https:\/\/bavin.net.cn\/tr\/urun\/pc1202\/","title":{"rendered":"PC1202"},"content":{"rendered":"<p><strong>\u00b7<\/strong> 22,5W S\u00fcper h\u0131zl\u0131 \u015farj<\/p>\n<p><strong>\u00b7<\/strong> 10000mAh * 5<\/p>\n<p><strong>\u00b7<\/strong> 45W \u015farj cihaz\u0131 ve 60W kablo ile birlikte.<\/p>\n<p><strong>\u00b7<\/strong> Masa\u00fcst\u00fc an\u0131nda d\u00fczenli<\/p>","protected":false},"excerpt":{"rendered":"<p>5&#039;i 1 arada g\u00fc\u00e7 bankas\u0131<\/p>","protected":false},"featured_media":5678,"template":"","meta":{"_acf_changed":false,"_seopress_robots_primary_cat":"none","_seopress_titles_title":"PC1202 - BAVIN","_seopress_titles_desc":"22.5W Super fast charging, 10000Mah * 5, With 45W charger 60W Cable, Desktop instantly tidy","_seopress_robots_index":""},"product_cat":[85,35],"product_tag":[],"class_list":{"0":"post-5667","1":"product","2":"type-product","3":"status-publish","4":"has-post-thumbnail","6":"product_cat-power-bank","7":"product_cat-power-supply","8":"pa_color-white","10":"first","11":"instock","12":"shipping-taxable","13":"purchasable","14":"product-type-variable"},"acf":[],"_links":{"self":[{"href":"https:\/\/bavin.net.cn\/tr\/wp-json\/wp\/v2\/product\/5667","targetHints":{"allow":["GET"]}}],"collection":[{"href":"https:\/\/bavin.net.cn\/tr\/wp-json\/wp\/v2\/product"}],"about":[{"href":"https:\/\/bavin.net.cn\/tr\/wp-json\/wp\/v2\/types\/product"}],"wp:featuredmedia":[{"embeddable":true,"href":"https:\/\/bavin.net.cn\/tr\/wp-json\/wp\/v2\/media\/5678"}],"wp:attachment":[{"href":"https:\/\/bavin.net.cn\/tr\/wp-json\/wp\/v2\/media?parent=5667"}],"wp:term":[{"taxonomy":"product_cat","embeddable":true,"href":"https:\/\/bavin.net.cn\/tr\/wp-json\/wp\/v2\/product_cat?post=5667"},{"taxonomy":"product_tag","embeddable":true,"href":"https:\/\/bavin.net.cn\/tr\/wp-json\/wp\/v2\/product_tag?post=5667"}],"curies":[{"name":"wp","href":"https:\/\/api.w.org\/{rel}","templated":true}]}}