{"id":5907,"date":"2025-12-08T23:42:57","date_gmt":"2025-12-09T07:42:57","guid":{"rendered":"https:\/\/bavin.net.cn\/?post_type=product&#038;p=5907"},"modified":"2025-12-09T00:14:00","modified_gmt":"2025-12-09T08:14:00","slug":"cb390","status":"publish","type":"product","link":"https:\/\/bavin.net.cn\/tr\/urun\/cb390\/","title":{"rendered":"CB390"},"content":{"rendered":"<p><strong>\u00b7<\/strong> 65W h\u0131zl\u0131 \u015farj<\/p>\n<p><strong>\u00b7<\/strong> 4&#039;\u00fc 1 arada \u00e7oklu ba\u011flant\u0131 noktas\u0131 tasar\u0131m\u0131<\/p>\n<p><strong>\u00b7<\/strong> \u015earj edin ve \u00e7al\u0131\u015ft\u0131r\u0131n, a\u015f\u0131r\u0131 \u0131s\u0131nma olmaz.<\/p>\n<p><strong>\u00b7<\/strong> G\u00fc\u00e7 ve senkronizasyon birlikte<\/p>","protected":false},"excerpt":{"rendered":"<p>\u015earj kablosu<\/p>","protected":false},"featured_media":5915,"template":"","meta":{"_acf_changed":false,"_seopress_robots_primary_cat":"none","_seopress_titles_title":"CB390 - BAVIN","_seopress_titles_desc":"65W fast charging, 4-in-1 multi-port design, Charge and playno overheating, Power and sync together","_seopress_robots_index":""},"product_cat":[30,31,32],"product_tag":[],"class_list":{"0":"post-5907","1":"product","2":"type-product","3":"status-publish","4":"has-post-thumbnail","6":"product_cat-cable","7":"product_cat-lightning","8":"product_cat-type-c","9":"pa_color-green","10":"pa_color-yellow","12":"first","13":"instock","14":"shipping-taxable","15":"purchasable","16":"product-type-variable"},"acf":[],"_links":{"self":[{"href":"https:\/\/bavin.net.cn\/tr\/wp-json\/wp\/v2\/product\/5907","targetHints":{"allow":["GET"]}}],"collection":[{"href":"https:\/\/bavin.net.cn\/tr\/wp-json\/wp\/v2\/product"}],"about":[{"href":"https:\/\/bavin.net.cn\/tr\/wp-json\/wp\/v2\/types\/product"}],"wp:featuredmedia":[{"embeddable":true,"href":"https:\/\/bavin.net.cn\/tr\/wp-json\/wp\/v2\/media\/5915"}],"wp:attachment":[{"href":"https:\/\/bavin.net.cn\/tr\/wp-json\/wp\/v2\/media?parent=5907"}],"wp:term":[{"taxonomy":"product_cat","embeddable":true,"href":"https:\/\/bavin.net.cn\/tr\/wp-json\/wp\/v2\/product_cat?post=5907"},{"taxonomy":"product_tag","embeddable":true,"href":"https:\/\/bavin.net.cn\/tr\/wp-json\/wp\/v2\/product_tag?post=5907"}],"curies":[{"name":"wp","href":"https:\/\/api.w.org\/{rel}","templated":true}]}}