{"id":5929,"date":"2025-12-09T00:34:49","date_gmt":"2025-12-09T08:34:49","guid":{"rendered":"https:\/\/bavin.net.cn\/?post_type=product&#038;p=5929"},"modified":"2025-12-09T00:44:05","modified_gmt":"2025-12-09T08:44:05","slug":"cb388","status":"publish","type":"product","link":"https:\/\/bavin.net.cn\/tr\/urun\/cb388\/","title":{"rendered":"CB388"},"content":{"rendered":"<p><strong>\u00b7<\/strong> 240W h\u0131zl\u0131 \u015farj<\/p>\n<p><strong>\u00b7<\/strong> 480 Mbps h\u0131zl\u0131 senkronizasyon.<\/p>\n<p><strong>\u00b7<\/strong> 4&#039;\u00fc 1 arada manyetik kablo<\/p>\n<p><strong>\u00b7<\/strong> Gizli ba\u011flant\u0131lar<\/p>","protected":false},"excerpt":{"rendered":"<p>\u015earj kablosu<\/p>","protected":false},"featured_media":5932,"template":"","meta":{"_acf_changed":false,"_seopress_robots_primary_cat":"none","_seopress_titles_title":"CB388 - BAVIN","_seopress_titles_desc":"240W fast charging, 480Mbps fast sync, 4-in-1 Magnetic cable, Hidden connectors","_seopress_robots_index":""},"product_cat":[30,31,32],"product_tag":[],"class_list":{"0":"post-5929","1":"product","2":"type-product","3":"status-publish","4":"has-post-thumbnail","6":"product_cat-cable","7":"product_cat-lightning","8":"product_cat-type-c","9":"pa_color-silver","11":"first","12":"instock","13":"shipping-taxable","14":"purchasable","15":"product-type-variable"},"acf":[],"_links":{"self":[{"href":"https:\/\/bavin.net.cn\/tr\/wp-json\/wp\/v2\/product\/5929","targetHints":{"allow":["GET"]}}],"collection":[{"href":"https:\/\/bavin.net.cn\/tr\/wp-json\/wp\/v2\/product"}],"about":[{"href":"https:\/\/bavin.net.cn\/tr\/wp-json\/wp\/v2\/types\/product"}],"wp:featuredmedia":[{"embeddable":true,"href":"https:\/\/bavin.net.cn\/tr\/wp-json\/wp\/v2\/media\/5932"}],"wp:attachment":[{"href":"https:\/\/bavin.net.cn\/tr\/wp-json\/wp\/v2\/media?parent=5929"}],"wp:term":[{"taxonomy":"product_cat","embeddable":true,"href":"https:\/\/bavin.net.cn\/tr\/wp-json\/wp\/v2\/product_cat?post=5929"},{"taxonomy":"product_tag","embeddable":true,"href":"https:\/\/bavin.net.cn\/tr\/wp-json\/wp\/v2\/product_tag?post=5929"}],"curies":[{"name":"wp","href":"https:\/\/api.w.org\/{rel}","templated":true}]}}