{"id":6113,"date":"2026-02-02T01:29:44","date_gmt":"2026-02-02T09:29:44","guid":{"rendered":"https:\/\/bavin.net.cn\/?post_type=product&#038;p=6113"},"modified":"2026-02-03T00:19:53","modified_gmt":"2026-02-03T08:19:53","slug":"cb415","status":"publish","type":"product","link":"https:\/\/bavin.net.cn\/tr\/urun\/cb415\/","title":{"rendered":"CB415"},"content":{"rendered":"<p><strong>\u00b7<\/strong> 60W H\u0131zl\u0131 \u015farj<\/p>\n<p><strong>\u00b7<\/strong> Touah \u00f6rg\u00fcl\u00fc kablo<\/p>\n<p><strong>\u00b7<\/strong> Yapay Zeka Ak\u0131ll\u0131 G\u00fc\u00e7 Kesme<\/p>\n<p><strong>\u00b7<\/strong> \u00c7inko ala\u015f\u0131ml\u0131 konekt\u00f6r<\/p>","protected":false},"excerpt":{"rendered":"<p>\u015earj kablosu<\/p>","protected":false},"featured_media":6116,"template":"","meta":{"_acf_changed":false,"_seopress_robots_primary_cat":"none","_seopress_titles_title":"CB415 - BAVIN","_seopress_titles_desc":"60W Fast charging, Touah braided cable, Al Smart power cut-off, Zinc alloy connector","_seopress_robots_index":""},"product_cat":[30,31,32],"product_tag":[],"class_list":{"0":"post-6113","1":"product","2":"type-product","3":"status-publish","4":"has-post-thumbnail","6":"product_cat-cable","7":"product_cat-lightning","8":"product_cat-type-c","9":"pa_color-orange","11":"first","12":"instock","13":"shipping-taxable","14":"purchasable","15":"product-type-variable"},"acf":[],"_links":{"self":[{"href":"https:\/\/bavin.net.cn\/tr\/wp-json\/wp\/v2\/product\/6113","targetHints":{"allow":["GET"]}}],"collection":[{"href":"https:\/\/bavin.net.cn\/tr\/wp-json\/wp\/v2\/product"}],"about":[{"href":"https:\/\/bavin.net.cn\/tr\/wp-json\/wp\/v2\/types\/product"}],"wp:featuredmedia":[{"embeddable":true,"href":"https:\/\/bavin.net.cn\/tr\/wp-json\/wp\/v2\/media\/6116"}],"wp:attachment":[{"href":"https:\/\/bavin.net.cn\/tr\/wp-json\/wp\/v2\/media?parent=6113"}],"wp:term":[{"taxonomy":"product_cat","embeddable":true,"href":"https:\/\/bavin.net.cn\/tr\/wp-json\/wp\/v2\/product_cat?post=6113"},{"taxonomy":"product_tag","embeddable":true,"href":"https:\/\/bavin.net.cn\/tr\/wp-json\/wp\/v2\/product_tag?post=6113"}],"curies":[{"name":"wp","href":"https:\/\/api.w.org\/{rel}","templated":true}]}}